{"id":56,"date":"2013-11-15T15:38:52","date_gmt":"2013-11-15T13:38:52","guid":{"rendered":"http:\/\/therapyinjerusalem.com\/fr\/?page_id=56"},"modified":"2013-12-04T20:27:21","modified_gmt":"2013-12-04T18:27:21","slug":"la-methode-hakomi","status":"publish","type":"page","link":"https:\/\/therapyinjerusalem.com\/fr\/la-methode-hakomi\/","title":{"rendered":"La m\u00e9thode Hakomi"},"content":{"rendered":"<p style=\"padding-left: 30px;\">\u00a0<a href=\"http:\/\/therapyinjerusalem.com\/fr\/wp-content\/uploads\/sites\/3\/2013\/11\/IMG_9139small.jpg\"><img loading=\"lazy\" decoding=\"async\" class=\"alignleft size-medium wp-image-91\" alt=\"IMG_9139small\" src=\"http:\/\/therapyinjerusalem.com\/fr\/wp-content\/uploads\/sites\/3\/2013\/11\/IMG_9139small-300x199.jpg\" width=\"300\" height=\"199\" srcset=\"https:\/\/therapyinjerusalem.com\/fr\/wp-content\/uploads\/sites\/3\/2013\/11\/IMG_9139small-300x199.jpg 300w, https:\/\/therapyinjerusalem.com\/fr\/wp-content\/uploads\/sites\/3\/2013\/11\/IMG_9139small-1024x682.jpg 1024w, https:\/\/therapyinjerusalem.com\/fr\/wp-content\/uploads\/sites\/3\/2013\/11\/IMG_9139small.jpg 1556w\" sizes=\"auto, (max-width: 300px) 100vw, 300px\" \/><\/a>La M\u00e9thode Hakomi a \u00e9t\u00e9 cr\u00e9\u00e9e par Ron Kurtz. C&rsquo;est le r\u00e9sultat de la g\u00e9niale int\u00e9gration de plusieurs techniques: la psychoth\u00e9rapie, le Focusing, le Gestalt, le PNL ainsi que les traditions qui nous viennent de l&rsquo;Est comme le bouddhisme et le tao\u00efsme.<\/p>\n<p style=\"padding-left: 30px;\">Bas\u00e9e sur l&rsquo;attention dans le moment pr\u00e9sent, la non violence, l&rsquo;intelligence interne de l&rsquo;organisme et l&rsquo;unicit\u00e9 de la personne, \u00a0la m\u00e9thode Hakomi suit le processus interne qui se d\u00e9veloppe chez le patient. La m\u00e9thode utilise comme outils de base l&rsquo;exploration des sensations du corps, le dialogue ainsi que la relation patient-th\u00e9rapeute.<\/p>\n<p style=\"padding-left: 30px;\">Une session d&rsquo;Hakomi commence g\u00e9n\u00e9ralement par un simple dialogue, et ce qui est \u00ab\u00a0vivant dans le moment pr\u00e9sent\u00a0\u00bb guide son \u00e9volution. L&rsquo;\u00e9tude du sujet abord\u00e9, toujours avec l&rsquo;accord du patient et dans le cadre d&rsquo;un espace s\u00fbr et prot\u00e9g\u00e9,<br \/>\nse continue parfois \u00e0 l&rsquo;aide de petites exp\u00e9riences (changement de position, petits mouvements, ext\u00e9riorisation de nos voix internes&#8230;).<\/p>\n<p style=\"padding-left: 30px;\">La m\u00e9thode Hakomi permet d&rsquo;arriver \u00e0 une alchimie interne et un changement significatif car le mat\u00e9riel des profondeur est touch\u00e9, et les d\u00e9cisions inconscientes, restrictives et inadapt\u00e9es appartenant un pass\u00e9 lointain sont ren\u00e9goci\u00e9es.<\/p>\n<p style=\"padding-left: 30px;\"><a href=\"http:\/\/www.energie-sante.net\/pe\/?p=22\">Pour en savoir plus<\/a><\/p>\n<p>&nbsp;<\/p>\n","protected":false},"excerpt":{"rendered":"<p>\u00a0La M\u00e9thode Hakomi a \u00e9t\u00e9 cr\u00e9\u00e9e par Ron Kurtz. C&rsquo;est le r\u00e9sultat de la g\u00e9niale int\u00e9gration de plusieurs techniques: la psychoth\u00e9rapie, le Focusing, le Gestalt, le PNL ainsi que les traditions qui nous viennent de l&rsquo;Est comme le bouddhisme et le tao\u00efsme. Bas\u00e9e sur l&rsquo;attention dans le moment pr\u00e9sent, la non violence, l&rsquo;intelligence interne de &hellip; <a href=\"https:\/\/therapyinjerusalem.com\/fr\/la-methode-hakomi\/\" class=\"more-link\">Continuer la lecture de <span class=\"screen-reader-text\">La m\u00e9thode Hakomi<\/span> <span class=\"meta-nav\">&rarr;<\/span><\/a><\/p>\n","protected":false},"author":1,"featured_media":0,"parent":0,"menu_order":0,"comment_status":"closed","ping_status":"closed","template":"No-Edit-page.php","meta":{"ngg_post_thumbnail":0,"footnotes":""},"class_list":["post-56","page","type-page","status-publish","hentry"],"_links":{"self":[{"href":"https:\/\/therapyinjerusalem.com\/fr\/wp-json\/wp\/v2\/pages\/56","targetHints":{"allow":["GET"]}}],"collection":[{"href":"https:\/\/therapyinjerusalem.com\/fr\/wp-json\/wp\/v2\/pages"}],"about":[{"href":"https:\/\/therapyinjerusalem.com\/fr\/wp-json\/wp\/v2\/types\/page"}],"author":[{"embeddable":true,"href":"https:\/\/therapyinjerusalem.com\/fr\/wp-json\/wp\/v2\/users\/1"}],"replies":[{"embeddable":true,"href":"https:\/\/therapyinjerusalem.com\/fr\/wp-json\/wp\/v2\/comments?post=56"}],"version-history":[{"count":6,"href":"https:\/\/therapyinjerusalem.com\/fr\/wp-json\/wp\/v2\/pages\/56\/revisions"}],"predecessor-version":[{"id":92,"href":"https:\/\/therapyinjerusalem.com\/fr\/wp-json\/wp\/v2\/pages\/56\/revisions\/92"}],"wp:attachment":[{"href":"https:\/\/therapyinjerusalem.com\/fr\/wp-json\/wp\/v2\/media?parent=56"}],"curies":[{"name":"wp","href":"https:\/\/api.w.org\/{rel}","templated":true}]}}