{"id":54,"date":"2013-11-15T15:37:46","date_gmt":"2013-11-15T13:37:46","guid":{"rendered":"http:\/\/therapyinjerusalem.com\/fr\/?page_id=54"},"modified":"2013-12-15T07:27:38","modified_gmt":"2013-12-15T05:27:38","slug":"le-focusing","status":"publish","type":"page","link":"https:\/\/therapyinjerusalem.com\/fr\/le-focusing\/","title":{"rendered":"Le Focusing"},"content":{"rendered":"<p style=\"padding-left: 30px;\">\u00a0<a href=\"http:\/\/therapyinjerusalem.com\/fr\/wp-content\/uploads\/sites\/3\/2013\/11\/IMG_9077small.jpg\"><img loading=\"lazy\" decoding=\"async\" class=\"alignleft size-medium wp-image-88\" alt=\"IMG_9077small\" src=\"http:\/\/therapyinjerusalem.com\/fr\/wp-content\/uploads\/sites\/3\/2013\/11\/IMG_9077small-300x199.jpg\" width=\"300\" height=\"199\" srcset=\"https:\/\/therapyinjerusalem.com\/fr\/wp-content\/uploads\/sites\/3\/2013\/11\/IMG_9077small-300x199.jpg 300w, https:\/\/therapyinjerusalem.com\/fr\/wp-content\/uploads\/sites\/3\/2013\/11\/IMG_9077small-1024x682.jpg 1024w, https:\/\/therapyinjerusalem.com\/fr\/wp-content\/uploads\/sites\/3\/2013\/11\/IMG_9077small.jpg 1556w\" sizes=\"auto, (max-width: 300px) 100vw, 300px\" \/><\/a>Notre corps ouvre une voie \u00e0 des <a href=\"http:\/\/therapyinjerusalem.com\/fr\/wp-content\/uploads\/sites\/3\/2013\/11\/IMG_9076small.jpg\"><img loading=\"lazy\" decoding=\"async\" class=\"size-medium wp-image-86 alignright\" alt=\"IMG_9076small\" src=\"http:\/\/therapyinjerusalem.com\/fr\/wp-content\/uploads\/sites\/3\/2013\/11\/IMG_9076small-300x199.jpg\" width=\"300\" height=\"199\" srcset=\"https:\/\/therapyinjerusalem.com\/fr\/wp-content\/uploads\/sites\/3\/2013\/11\/IMG_9076small-300x199.jpg 300w, https:\/\/therapyinjerusalem.com\/fr\/wp-content\/uploads\/sites\/3\/2013\/11\/IMG_9076small-1024x682.jpg 1024w, https:\/\/therapyinjerusalem.com\/fr\/wp-content\/uploads\/sites\/3\/2013\/11\/IMG_9076small.jpg 1556w\" sizes=\"auto, (max-width: 300px) 100vw, 300px\" \/><\/a>tr\u00e9sors de connaissance dont nous ne sommes pas conscients. Durant une session de Focusing, nous cr\u00e9ons une pause pour \u00e9couter les profondeurs de notre corps. La rencontre avec le \u00ab\u00a0sens corporel \u00a0\u00bb permet de le laisser s&rsquo;exprimer \u00e0 travers nous et de nous laisser guider par son cheminement dynamique \u00e0 l&rsquo;int\u00e9rieur de nous m\u00eame. Le Focusing est une technique d&rsquo;\u00e9coute int\u00e9rieure de la connaissance profonde qui se trouve au dedans de nous m\u00eame.<\/p>\n<p style=\"padding-left: 30px;\"><a href=\" http:\/\/focusing.fr\">Pour en savoir plus<\/a><span style=\"text-decoration: underline;\"><a href=\"http:\/\/focusing.fr\/\"><br \/>\n<\/a><\/span><\/p>\n","protected":false},"excerpt":{"rendered":"<p>\u00a0Notre corps ouvre une voie \u00e0 des tr\u00e9sors de connaissance dont nous ne sommes pas conscients. Durant une session de Focusing, nous cr\u00e9ons une pause pour \u00e9couter les profondeurs de notre corps. La rencontre avec le \u00ab\u00a0sens corporel \u00a0\u00bb permet de le laisser s&rsquo;exprimer \u00e0 travers nous et de nous laisser guider par son cheminement &hellip; <a href=\"https:\/\/therapyinjerusalem.com\/fr\/le-focusing\/\" class=\"more-link\">Continuer la lecture de <span class=\"screen-reader-text\">Le Focusing<\/span> <span class=\"meta-nav\">&rarr;<\/span><\/a><\/p>\n","protected":false},"author":1,"featured_media":0,"parent":0,"menu_order":0,"comment_status":"closed","ping_status":"closed","template":"No-Edit-page.php","meta":{"ngg_post_thumbnail":0,"footnotes":""},"class_list":["post-54","page","type-page","status-publish","hentry"],"_links":{"self":[{"href":"https:\/\/therapyinjerusalem.com\/fr\/wp-json\/wp\/v2\/pages\/54","targetHints":{"allow":["GET"]}}],"collection":[{"href":"https:\/\/therapyinjerusalem.com\/fr\/wp-json\/wp\/v2\/pages"}],"about":[{"href":"https:\/\/therapyinjerusalem.com\/fr\/wp-json\/wp\/v2\/types\/page"}],"author":[{"embeddable":true,"href":"https:\/\/therapyinjerusalem.com\/fr\/wp-json\/wp\/v2\/users\/1"}],"replies":[{"embeddable":true,"href":"https:\/\/therapyinjerusalem.com\/fr\/wp-json\/wp\/v2\/comments?post=54"}],"version-history":[{"count":5,"href":"https:\/\/therapyinjerusalem.com\/fr\/wp-json\/wp\/v2\/pages\/54\/revisions"}],"predecessor-version":[{"id":107,"href":"https:\/\/therapyinjerusalem.com\/fr\/wp-json\/wp\/v2\/pages\/54\/revisions\/107"}],"wp:attachment":[{"href":"https:\/\/therapyinjerusalem.com\/fr\/wp-json\/wp\/v2\/media?parent=54"}],"curies":[{"name":"wp","href":"https:\/\/api.w.org\/{rel}","templated":true}]}}