{"id":5,"date":"2013-08-12T21:47:20","date_gmt":"2013-08-12T18:47:20","guid":{"rendered":"http:\/\/therapyinjerusalem.com\/fr\/?page_id=5"},"modified":"2014-05-02T14:40:47","modified_gmt":"2014-05-02T11:40:47","slug":"qui-suis-je","status":"publish","type":"page","link":"https:\/\/therapyinjerusalem.com\/fr\/qui-suis-je\/","title":{"rendered":"Qui suis-je?"},"content":{"rendered":"<p style=\"padding-left: 30px;\"><a href=\"http:\/\/therapyinjerusalem.com\/fr\/wp-content\/uploads\/sites\/3\/2013\/08\/IMG_9289small.jpg\"><img loading=\"lazy\" decoding=\"async\" class=\"alignleft size-medium wp-image-104\" alt=\"IMG_9289small\" src=\"http:\/\/therapyinjerusalem.com\/fr\/wp-content\/uploads\/sites\/3\/2013\/08\/IMG_9289small-200x300.jpg\" width=\"200\" height=\"300\" srcset=\"https:\/\/therapyinjerusalem.com\/fr\/wp-content\/uploads\/sites\/3\/2013\/08\/IMG_9289small-200x300.jpg 200w, https:\/\/therapyinjerusalem.com\/fr\/wp-content\/uploads\/sites\/3\/2013\/08\/IMG_9289small-682x1024.jpg 682w, https:\/\/therapyinjerusalem.com\/fr\/wp-content\/uploads\/sites\/3\/2013\/08\/IMG_9289small.jpg 1000w\" sizes=\"auto, (max-width: 200px) 100vw, 200px\" \/><\/a>\u00a0Mon nom est Miriam Nelken. Je suis une psychoth\u00e9rapeute corporelle, membre de l&rsquo;Association Europ\u00e9enne pour la Psychoth\u00e9rapie Corporelle (EABP), ainsi que membre de l&rsquo;association israelienne correspondante (ILABP). Je suis aussi un professeur certifi\u00e9\u00a0de la Technique Alexander et de Yoga.<\/p>\n<p style=\"padding-left: 30px;\">Pour mon travail de th\u00e9rapie, j&rsquo;utilise la m\u00e9thode Rosen, le Focusing, la m\u00e9thode Hakomi, et la Th\u00e9rapie IMT (Integrative Mind-Body Therapy).<br \/>\nJe travaille \u00e0 J\u00e9rusalem et parle couramment le fran\u00e7ais, l&rsquo;h\u00e9breu et l&rsquo;anglais.<br \/>\nOn peut me contacter \u00e0\u00a0<a href=\"mailto:miriamnelken@yahoo.com\">miriamnelken@yahoo.com<\/a><br \/>\net au t\u00e9l\u00e9phone no.\u00a0<a href=\"tel:%2B972-%280%2954-6406673\">+972-(0)54-6406673<\/a>.<\/p>\n<div style=\"padding-left: 60px;\"><\/div>\n","protected":false},"excerpt":{"rendered":"<p>\u00a0Mon nom est Miriam Nelken. Je suis une psychoth\u00e9rapeute corporelle, membre de l&rsquo;Association Europ\u00e9enne pour la Psychoth\u00e9rapie Corporelle (EABP), ainsi que membre de l&rsquo;association israelienne correspondante (ILABP). Je suis aussi un professeur certifi\u00e9\u00a0de la Technique Alexander et de Yoga. Pour mon travail de th\u00e9rapie, j&rsquo;utilise la m\u00e9thode Rosen, le Focusing, la m\u00e9thode Hakomi, et la &hellip; <a href=\"https:\/\/therapyinjerusalem.com\/fr\/qui-suis-je\/\" class=\"more-link\">Continuer la lecture de <span class=\"screen-reader-text\">Qui suis-je?<\/span> <span class=\"meta-nav\">&rarr;<\/span><\/a><\/p>\n","protected":false},"author":1,"featured_media":0,"parent":0,"menu_order":0,"comment_status":"closed","ping_status":"closed","template":"No-Edit-page.php","meta":{"ngg_post_thumbnail":0,"footnotes":""},"class_list":["post-5","page","type-page","status-publish","hentry"],"_links":{"self":[{"href":"https:\/\/therapyinjerusalem.com\/fr\/wp-json\/wp\/v2\/pages\/5","targetHints":{"allow":["GET"]}}],"collection":[{"href":"https:\/\/therapyinjerusalem.com\/fr\/wp-json\/wp\/v2\/pages"}],"about":[{"href":"https:\/\/therapyinjerusalem.com\/fr\/wp-json\/wp\/v2\/types\/page"}],"author":[{"embeddable":true,"href":"https:\/\/therapyinjerusalem.com\/fr\/wp-json\/wp\/v2\/users\/1"}],"replies":[{"embeddable":true,"href":"https:\/\/therapyinjerusalem.com\/fr\/wp-json\/wp\/v2\/comments?post=5"}],"version-history":[{"count":10,"href":"https:\/\/therapyinjerusalem.com\/fr\/wp-json\/wp\/v2\/pages\/5\/revisions"}],"predecessor-version":[{"id":112,"href":"https:\/\/therapyinjerusalem.com\/fr\/wp-json\/wp\/v2\/pages\/5\/revisions\/112"}],"wp:attachment":[{"href":"https:\/\/therapyinjerusalem.com\/fr\/wp-json\/wp\/v2\/media?parent=5"}],"curies":[{"name":"wp","href":"https:\/\/api.w.org\/{rel}","templated":true}]}}