{"id":49,"date":"2013-11-15T15:34:16","date_gmt":"2013-11-15T13:34:16","guid":{"rendered":"http:\/\/therapyinjerusalem.com\/fr\/?page_id=49"},"modified":"2013-12-03T20:13:03","modified_gmt":"2013-12-03T18:13:03","slug":"la-methode-rosen","status":"publish","type":"page","link":"https:\/\/therapyinjerusalem.com\/fr\/la-methode-rosen\/","title":{"rendered":"La m\u00e9thode Rosen"},"content":{"rendered":"<p style=\"padding-left: 30px;\"><a href=\"http:\/\/therapyinjerusalem.com\/fr\/wp-content\/uploads\/sites\/3\/2013\/08\/IMG_9159small.jpg\"><img loading=\"lazy\" decoding=\"async\" class=\"alignleft size-medium wp-image-8\" alt=\"IMG_9159small\" src=\"http:\/\/therapyinjerusalem.com\/fr\/wp-content\/uploads\/sites\/3\/2013\/08\/IMG_9159small-300x200.jpg\" width=\"300\" height=\"200\" srcset=\"https:\/\/therapyinjerusalem.com\/fr\/wp-content\/uploads\/sites\/3\/2013\/08\/IMG_9159small-300x200.jpg 300w, https:\/\/therapyinjerusalem.com\/fr\/wp-content\/uploads\/sites\/3\/2013\/08\/IMG_9159small-1024x682.jpg 1024w, https:\/\/therapyinjerusalem.com\/fr\/wp-content\/uploads\/sites\/3\/2013\/08\/IMG_9159small.jpg 1296w\" sizes=\"auto, (max-width: 300px) 100vw, 300px\" \/><\/a>La m\u00e9thode Rosen utilise le toucher et les mots pour contacter les multiples couches de notre histoire inscrite dans notre corps. La respiration, reliant le monde externe au monde interne, nous guide. Permettant une relaxation profonde, la m\u00e9thode Rosen offre la possibilit\u00e9 de prendre conscience des restrictions impos\u00e9es par les tensions musculaires chroniques. Leur relaxation permet de retourner \u00e0 une vie plus libre et plus pleine.<\/p>\n<p style=\"padding-left: 30px;\">Grace au toucher qui \u00e9coute les profondeurs sans essayer de changer quoi que se soit, une session de la M\u00e9thode Rosen permet de recontacter les parties enfouies de nous m\u00eame.<\/p>\n<p style=\"padding-left: 30px;\"><a href=\"http:\/\/methode.rosen.free.fr\">Pour en savoir plus<\/a><\/p>\n","protected":false},"excerpt":{"rendered":"<p>La m\u00e9thode Rosen utilise le toucher et les mots pour contacter les multiples couches de notre histoire inscrite dans notre corps. La respiration, reliant le monde externe au monde interne, nous guide. Permettant une relaxation profonde, la m\u00e9thode Rosen offre la possibilit\u00e9 de prendre conscience des restrictions impos\u00e9es par les tensions musculaires chroniques. Leur relaxation &hellip; <a href=\"https:\/\/therapyinjerusalem.com\/fr\/la-methode-rosen\/\" class=\"more-link\">Continuer la lecture de <span class=\"screen-reader-text\">La m\u00e9thode Rosen<\/span> <span class=\"meta-nav\">&rarr;<\/span><\/a><\/p>\n","protected":false},"author":1,"featured_media":0,"parent":0,"menu_order":0,"comment_status":"closed","ping_status":"closed","template":"No-Edit-page.php","meta":{"ngg_post_thumbnail":0,"footnotes":""},"class_list":["post-49","page","type-page","status-publish","hentry"],"_links":{"self":[{"href":"https:\/\/therapyinjerusalem.com\/fr\/wp-json\/wp\/v2\/pages\/49","targetHints":{"allow":["GET"]}}],"collection":[{"href":"https:\/\/therapyinjerusalem.com\/fr\/wp-json\/wp\/v2\/pages"}],"about":[{"href":"https:\/\/therapyinjerusalem.com\/fr\/wp-json\/wp\/v2\/types\/page"}],"author":[{"embeddable":true,"href":"https:\/\/therapyinjerusalem.com\/fr\/wp-json\/wp\/v2\/users\/1"}],"replies":[{"embeddable":true,"href":"https:\/\/therapyinjerusalem.com\/fr\/wp-json\/wp\/v2\/comments?post=49"}],"version-history":[{"count":5,"href":"https:\/\/therapyinjerusalem.com\/fr\/wp-json\/wp\/v2\/pages\/49\/revisions"}],"predecessor-version":[{"id":82,"href":"https:\/\/therapyinjerusalem.com\/fr\/wp-json\/wp\/v2\/pages\/49\/revisions\/82"}],"wp:attachment":[{"href":"https:\/\/therapyinjerusalem.com\/fr\/wp-json\/wp\/v2\/media?parent=49"}],"curies":[{"name":"wp","href":"https:\/\/api.w.org\/{rel}","templated":true}]}}