{"id":36,"date":"2013-11-15T15:24:51","date_gmt":"2013-11-15T13:24:51","guid":{"rendered":"http:\/\/therapyinjerusalem.com\/fr\/?page_id=36"},"modified":"2024-08-31T20:55:46","modified_gmt":"2024-08-31T17:55:46","slug":"therapie","status":"publish","type":"page","link":"https:\/\/therapyinjerusalem.com\/fr\/therapie\/","title":{"rendered":"Th\u00e9rapie"},"content":{"rendered":"<div class=\"wp-block-image is-style-default\">\n<figure class=\"alignleft\"><a href=\"http:\/\/therapyinjerusalem.com\/fr\/wp-content\/uploads\/sites\/3\/2013\/11\/IMG_9225small.jpg\"><img loading=\"lazy\" decoding=\"async\" width=\"300\" height=\"199\" src=\"http:\/\/therapyinjerusalem.com\/fr\/wp-content\/uploads\/sites\/3\/2013\/11\/IMG_9225small-300x199.jpg\" alt=\"IMG_9225small\" class=\"wp-image-62\" srcset=\"https:\/\/therapyinjerusalem.com\/fr\/wp-content\/uploads\/sites\/3\/2013\/11\/IMG_9225small-300x199.jpg 300w, https:\/\/therapyinjerusalem.com\/fr\/wp-content\/uploads\/sites\/3\/2013\/11\/IMG_9225small-1024x682.jpg 1024w, https:\/\/therapyinjerusalem.com\/fr\/wp-content\/uploads\/sites\/3\/2013\/11\/IMG_9225small.jpg 1556w\" sizes=\"auto, (max-width: 300px) 100vw, 300px\" \/><\/a><\/figure>\n<\/div>\n\n\n<pre class=\"wp-block-verse has-normal-font-size\"><strong>Presque tout \u00ab ce qui ne va pas avec vous \u00ab a commenc\u00e9 pendant votre enfance comme une compensation et un m\u00e9canisme de survie. Par cons\u00e9quent, cela ne m\u00e9rite rien d\u2019autre que notre respect et notre compassion.\n<\/strong>\n<strong>Gabor Mat\u00e9<\/strong><\/pre>\n\n\n\n<p><\/p>\n\n\n\n<p><em>A mes yeux,<\/em><\/p>\n\n\n\n<p>La th\u00e9rapie est une rencontre:<br>entre vous et vos parts,<br>entre vos r\u00eaves et votre r\u00e9alit\u00e9,<br>entre celui ou celle que vous pensez \u00eatre et vos profondeurs inexplor\u00e9es,<br>entre vous et moi.<br>La th\u00e9rapie est une rencontre avec vos parts exil\u00e9es; c\u2019est \u00eatre avec elles, les \u00e9couter et<br>gentiment les inviter \u00e0 se \u00ab re-unir \u00bb avec l\u2019ensemble de votre \u00eatre.<br>La th\u00e9rapie est l\u2019art de s\u2019accepter avec compassion et d\u2019\u00eatre le t\u00e9moin de ce grand<br>paradoxe: c\u2019est seulement quand je m\u2019accepte tel que je suis, que quelque chose en moi<br>peut commencer \u00e0 changer. (C.Roger)<\/p>\n\n\n\n<pre class=\"wp-block-verse\"><strong>Si vous d\u00e9voilez ce qui est en vous,\nCe que vous d\u00e9voilez vous sauvera\nSi vous ne d\u00e9voilez pas ce qui est en vous,\nCe que vous ne d\u00e9voilez pas vous d\u00e9truira.<\/strong>\n<strong>\n\u00c9vangile gnostique de Thomas<\/strong><\/pre>\n\n\n\n<p>Les 20 derni\u00e8res ann\u00e9es de ma vie ont \u00e9t\u00e9 consacr\u00e9es au travail sur le traumatisme .<br>Traumatisme au niveau personnel, collectif et au niveau de l\u2019h\u00e9ritage laiss\u00e9 par les<br>g\u00e9n\u00e9rations qui nous ont pr\u00e9c\u00e9d\u00e9. Traumatisme du d\u00e9veloppement et CPTSD,<br>(traumatisme complexe).<br>Je suis une \u00e9tudiante de <a href=\"https:\/\/thomashuebl.com\/\">Thomas Huebl<\/a>, je suis un membre actif de sa communaut\u00e9 et de<br>celle du \u00bb<a href=\"https:\/\/pocketproject.org\/\"> Pocket Project<\/a> \u00ab, et assistante pour le TWT 7 et 8.<\/p>\n\n\n\n<pre class=\"wp-block-verse\"><strong>\u00ab Le traumatisme a le potentiel d\u2019\u00eatre un portail \u00bb (vers une autre r\u00e9alit\u00e9) \n\nGabor Mat\u00e9.<\/strong><\/pre>\n\n\n\n<p>Mon travail est \u00e0 la fois relationnel et dirig\u00e9 par le processus: la relation entre vous et moi<br>est une partie essentielle du travail mais aussi quelque chose en vous, le processus dans<br>lequel vous \u00eates engag\u00e9, va nous guider, nous montrer le chemin.<br>Je suis l\u00e0 pour vous accompagner sur la route, parfois en t\u00eate, parfois en vous suivant et<br>parfois \u00e0 c\u00f4t\u00e9 de vous, mais toujours dans les limites d\u2019un environnement chaleureux et<br>s\u00e9curisant.<br>Quand cela est appropri\u00e9, le toucher peut \u00eatre un instrument de connexion entre vous et<br>moi, entre vous et les diff\u00e9rents aspects de votre \u00eatre.<\/p>\n\n\n\n<p>Je suis membre de ILBP, (Israeli Association of Body Psychotherapy), de EABP<br>(European Association of Body Psychotherapy) et de IMAP (Israeli Multidisciplinary<br>Association for Psychotherapy).<br>J\u2019ai \u00e9tudi\u00e9 et \u00e9t\u00e9 certifi\u00e9e dans plusieurs techniques:<br>La m\u00e9thode <a href=\"https:\/\/therapyinjerusalem.com\/fr\/la-methode-rosen\/\" data-type=\"page\" data-id=\"49\">Rosen<\/a>, <a href=\"https:\/\/therapyinjerusalem.com\/fr\/le-focusing\/\" data-type=\"page\" data-id=\"54\">focusing<\/a> , <a href=\"https:\/\/therapyinjerusalem.com\/fr\/la-methode-hakomi\/\" data-type=\"page\" data-id=\"56\">Hakomi<\/a> , <a href=\"https:\/\/therapyinjerusalem.com\/family-constellations\/\">Constellation familiale<\/a>, <a href=\"https:\/\/therapyinjerusalem.com\/ifs\/\">IFS<\/a>, <a href=\"https:\/\/therapyinjerusalem.com\/narm\/\">NARM<\/a>.<br>Je donne aussi des sessions de supervision.<br>Je parle couramment le fran\u00e7ais, l\u2019anglais et l\u2019h\u00e9breu.<\/p>\n","protected":false},"excerpt":{"rendered":"<p>Presque tout \u00ab ce qui ne va pas avec vous \u00ab a commenc\u00e9 pendant votre enfance comme une compensation et un m\u00e9canisme de survie. Par cons\u00e9quent, cela ne m\u00e9rite rien d\u2019autre que notre respect et notre compassion. Gabor Mat\u00e9 A mes yeux, La th\u00e9rapie est une rencontre:entre vous et vos parts,entre vos r\u00eaves et votre &hellip; <a href=\"https:\/\/therapyinjerusalem.com\/fr\/therapie\/\" class=\"more-link\">Continuer la lecture de <span class=\"screen-reader-text\">Th\u00e9rapie<\/span> <span class=\"meta-nav\">&rarr;<\/span><\/a><\/p>\n","protected":false},"author":1,"featured_media":0,"parent":0,"menu_order":0,"comment_status":"closed","ping_status":"closed","template":"No-Edit-page.php","meta":{"ngg_post_thumbnail":0,"footnotes":""},"class_list":["post-36","page","type-page","status-publish","hentry"],"_links":{"self":[{"href":"https:\/\/therapyinjerusalem.com\/fr\/wp-json\/wp\/v2\/pages\/36","targetHints":{"allow":["GET"]}}],"collection":[{"href":"https:\/\/therapyinjerusalem.com\/fr\/wp-json\/wp\/v2\/pages"}],"about":[{"href":"https:\/\/therapyinjerusalem.com\/fr\/wp-json\/wp\/v2\/types\/page"}],"author":[{"embeddable":true,"href":"https:\/\/therapyinjerusalem.com\/fr\/wp-json\/wp\/v2\/users\/1"}],"replies":[{"embeddable":true,"href":"https:\/\/therapyinjerusalem.com\/fr\/wp-json\/wp\/v2\/comments?post=36"}],"version-history":[{"count":13,"href":"https:\/\/therapyinjerusalem.com\/fr\/wp-json\/wp\/v2\/pages\/36\/revisions"}],"predecessor-version":[{"id":131,"href":"https:\/\/therapyinjerusalem.com\/fr\/wp-json\/wp\/v2\/pages\/36\/revisions\/131"}],"wp:attachment":[{"href":"https:\/\/therapyinjerusalem.com\/fr\/wp-json\/wp\/v2\/media?parent=36"}],"curies":[{"name":"wp","href":"https:\/\/api.w.org\/{rel}","templated":true}]}}